{"id":3139,"date":"2024-05-29T15:58:05","date_gmt":"2024-05-29T15:58:05","guid":{"rendered":"https:\/\/sumaypamba.gob.ec\/?page_id=3139"},"modified":"2025-07-09T21:48:48","modified_gmt":"2025-07-09T21:48:48","slug":"institucion-2","status":"publish","type":"page","link":"https:\/\/sumaypamba.gob.ec\/index.php\/institucion-2\/","title":{"rendered":"La Instituci\u00f3n"},"content":{"rendered":"\t\t<div data-elementor-type=\"wp-page\" data-elementor-id=\"3139\" class=\"elementor elementor-3139\" data-elementor-post-type=\"page\">\n\t\t\t\t<div class=\"elementor-element elementor-element-50cd494 e-flex e-con-boxed e-con e-parent\" data-id=\"50cd494\" data-element_type=\"container\" data-settings=\"{&quot;background_background&quot;:&quot;classic&quot;,&quot;shape_divider_bottom&quot;:&quot;triangle-asymmetrical&quot;,&quot;shape_divider_bottom_negative&quot;:&quot;yes&quot;}\">\n\t\t\t\t\t<div class=\"e-con-inner\">\n\t\t\t\t<div class=\"elementor-shape elementor-shape-bottom\" data-negative=\"true\">\n\t\t\t<svg xmlns=\"http:\/\/www.w3.org\/2000\/svg\" viewBox=\"0 0 1000 100\" preserveAspectRatio=\"none\">\n\t<path class=\"elementor-shape-fill\" d=\"M737.9,94.7L0,0v100h1000V0L737.9,94.7z\"\/>\n<\/svg>\t\t<\/div>\n\t\t\t\t<div class=\"elementor-element elementor-element-af8033f elementor-widget elementor-widget-heading\" data-id=\"af8033f\" data-element_type=\"widget\" data-widget_type=\"heading.default\">\n\t\t\t\t<div class=\"elementor-widget-container\">\n\t\t\t<h2 class=\"elementor-heading-title elementor-size-default\">ADMINISTRACI\u00d3N 2023-2027<\/h2>\t\t<\/div>\n\t\t\t\t<\/div>\n\t\t\t\t<div class=\"elementor-element elementor-element-9a7e98e elementor-widget elementor-widget-heading\" data-id=\"9a7e98e\" data-element_type=\"widget\" data-widget_type=\"heading.default\">\n\t\t\t\t<div class=\"elementor-widget-container\">\n\t\t\t<h2 class=\"elementor-heading-title elementor-size-default\"><h1 style=\"margin-bottom: 0px; padding-bottom: 10px; font-size: 68px; text-size-adjust: 100%; background-image: initial; background-position: initial; background-size: initial; background-repeat: initial; background-attachment: initial; background-origin: initial; background-clip: initial; line-height: 1.1em; font-weight: 500; font-family: &quot;Cormorant Garamond&quot;, Georgia, &quot;Times New Roman&quot;, serif; font-style: normal; white-space-collapse: collapse; color: rgb(255, 255, 255) !important;\"><span style=\"margin: 0px; padding: 0px; border: 0px; outline: 0px; text-size-adjust: 100%; vertical-align: baseline; background: transparent; font-family: Chivo;\">La Instituci\u00f3n<\/span><\/h1><\/h2>\t\t<\/div>\n\t\t\t\t<\/div>\n\t\t\t\t\t<\/div>\n\t\t\t\t<\/div>\n\t\t<div class=\"elementor-element elementor-element-755a832 e-flex e-con-boxed e-con e-parent\" data-id=\"755a832\" data-element_type=\"container\" data-settings=\"{&quot;background_background&quot;:&quot;classic&quot;}\">\n\t\t\t\t\t<div class=\"e-con-inner\">\n\t\t<div class=\"elementor-element elementor-element-9fe622d e-con-full e-flex e-con e-child\" data-id=\"9fe622d\" data-element_type=\"container\" data-settings=\"{&quot;background_background&quot;:&quot;classic&quot;}\">\n\t\t\t\t<div class=\"elementor-element elementor-element-c9a6c84 elementor-widget elementor-widget-heading\" data-id=\"c9a6c84\" data-element_type=\"widget\" data-widget_type=\"heading.default\">\n\t\t\t\t<div class=\"elementor-widget-container\">\n\t\t\t<h2 class=\"elementor-heading-title elementor-size-default\">Introducci\u00f3n<\/h2>\t\t<\/div>\n\t\t\t\t<\/div>\n\t\t<div class=\"elementor-element elementor-element-df73371 e-flex e-con-boxed e-con e-child\" data-id=\"df73371\" data-element_type=\"container\">\n\t\t\t\t\t<div class=\"e-con-inner\">\n\t\t\t\t<div class=\"elementor-element elementor-element-64fb3ae elementor-widget elementor-widget-text-editor\" data-id=\"64fb3ae\" data-element_type=\"widget\" data-widget_type=\"text-editor.default\">\n\t\t\t\t<div class=\"elementor-widget-container\">\n\t\t\t\t\t\t\t<p>Sumaypamba, una de las parroquias m\u00e1s j\u00f3venes del cant\u00f3n Saraguro, en la provincia de Loja, Ecuador, destaca por su potencial productivo y es el lugar donde se ejecutar\u00e1 el proyecto e\u00f3lico Huascachaca. Este proyecto, que ya est\u00e1 en operaci\u00f3n, utiliza aerogeneradores para generar energ\u00eda el\u00e9ctrica.<\/p><p>\u00a0 <br \/>Sumaypamba es conocida por su riqueza agr\u00edcola y belleza paisaj\u00edstica, con valles que adornan el sector y un clima agradable seg\u00fan la Alcald\u00eda de Saraguro. Adem\u00e1s, la parroquia se caracteriza por su gente amable y su producci\u00f3n diversificada. El proyecto e\u00f3lico Huascachaca, ubicado en esta zona, es un ejemplo de c\u00f3mo Sumaypamba aprovecha sus recursos para generar energ\u00eda. <br \/><br \/><\/p><p>El proyecto e\u00f3lico Huascachaca, en particular, ha mostrado resultados positivos desde su inicio, con 14 aerogeneradores que suman una potencia total de 50 MW seg\u00fan Noticias de Loja \u2013 Ecuador. La comunidad de Sumaypamba y Y\u00faluc se han beneficiado de este proyecto y de otros acuerdos firmados entre la Prefectura de Loja y ElecAustro, que buscan impulsar la capacitaci\u00f3n productiva y el mejoramiento de v\u00edas.<\/p>\t\t\t\t\t\t<\/div>\n\t\t\t\t<\/div>\n\t\t\t\t\t<\/div>\n\t\t\t\t<\/div>\n\t\t\t\t<\/div>\n\t\t\t\t\t<\/div>\n\t\t\t\t<\/div>\n\t\t<div class=\"elementor-element elementor-element-04945b5 e-flex e-con-boxed e-con e-parent\" data-id=\"04945b5\" data-element_type=\"container\" data-settings=\"{&quot;background_background&quot;:&quot;classic&quot;}\">\n\t\t\t\t\t<div class=\"e-con-inner\">\n\t\t<div class=\"elementor-element elementor-element-f7b0d11 e-con-full e-flex e-con e-child\" data-id=\"f7b0d11\" data-element_type=\"container\" data-settings=\"{&quot;background_background&quot;:&quot;classic&quot;}\">\n\t\t\t\t<div class=\"elementor-element elementor-element-9a7cacd elementor-widget elementor-widget-heading\" data-id=\"9a7cacd\" data-element_type=\"widget\" data-widget_type=\"heading.default\">\n\t\t\t\t<div class=\"elementor-widget-container\">\n\t\t\t<h2 class=\"elementor-heading-title elementor-size-default\">Historia<\/h2>\t\t<\/div>\n\t\t\t\t<\/div>\n\t\t<div class=\"elementor-element elementor-element-6a92180 e-flex e-con-boxed e-con e-child\" data-id=\"6a92180\" data-element_type=\"container\">\n\t\t\t\t\t<div class=\"e-con-inner\">\n\t\t\t\t<div class=\"elementor-element elementor-element-0a862ff elementor-widget elementor-widget-text-editor\" data-id=\"0a862ff\" data-element_type=\"widget\" data-widget_type=\"text-editor.default\">\n\t\t\t\t<div class=\"elementor-widget-container\">\n\t\t\t\t\t\t\t<p>Su historia se remonta a la lucha de sus habitantes por obtener la parroquializaci\u00f3n, lograda el 19 de marzo. La parroquia es conocida por su riqueza agr\u00edcola y belleza paisaj\u00edstica, con cultivos diversos y paisajes que inspiran arte. <br><br><\/p><p>Historia resumida:<\/p><p><br>Lucha por la parroquializaci\u00f3n:<br>Sumaypamba se form\u00f3 a partir del sector nororiental de la parroquia Man\u00fa, con la participaci\u00f3n activa de ciudadanos como Manuel Carpio, quien dedic\u00f3 sus esfuerzos y recursos en la lucha por la creaci\u00f3n de la parroquia. <br>Fecha de parroquializaci\u00f3n:<br>Sumaypamba celebra su 22 aniversario de vida pol\u00edtica el 19 de marzo, lo que marca su creaci\u00f3n como parroquia. <br>Econom\u00eda y agricultura:<br>La parroquia es principalmente agr\u00edcola, destac\u00e1ndose por la producci\u00f3n de cebolla, tomate, ma\u00edz, fr\u00e9jol, pimiento, yuca, camote y hortalizas, tanto para el consumo local como para la venta. <br>Turismo comunitario:<br>El turismo comunitario est\u00e1 en auge en la zona, con proyectos que buscan dinamizar la econom\u00eda de las comunidades y ofrecer experiencias tur\u00edsticas \u00fanicas. <br>Belleza paisaj\u00edstica:<br>Sumaypamba cuenta con paisajes agrestes, silenciosos y pac\u00edficos, con palmeras y cielos azules, destacando la armon\u00eda de la naturaleza y la sencillez de su gente.<\/p>\t\t\t\t\t\t<\/div>\n\t\t\t\t<\/div>\n\t\t\t\t\t<\/div>\n\t\t\t\t<\/div>\n\t\t\t\t<\/div>\n\t\t\t\t\t<\/div>\n\t\t\t\t<\/div>\n\t\t\t\t<\/div>\n\t\t","protected":false},"excerpt":{"rendered":"<p>ADMINISTRACI\u00d3N 2023-2027 La Instituci\u00f3n Introducci\u00f3n Sumaypamba, una de las parroquias m\u00e1s j\u00f3venes del cant\u00f3n Saraguro, en la provincia de Loja, [&hellip;]<\/p>\n","protected":false},"author":3,"featured_media":0,"parent":0,"menu_order":0,"comment_status":"closed","ping_status":"closed","template":"","meta":{"site-sidebar-layout":"no-sidebar","site-content-layout":"","ast-site-content-layout":"full-width-container","site-content-style":"default","site-sidebar-style":"default","ast-global-header-display":"","ast-banner-title-visibility":"","ast-main-header-display":"","ast-hfb-above-header-display":"","ast-hfb-below-header-display":"","ast-hfb-mobile-header-display":"","site-post-title":"disabled","ast-breadcrumbs-content":"","ast-featured-img":"disabled","footer-sml-layout":"","theme-transparent-header-meta":"","adv-header-id-meta":"","stick-header-meta":"","header-above-stick-meta":"","header-main-stick-meta":"","header-below-stick-meta":"","astra-migrate-meta-layouts":"default","ast-page-background-enabled":"default","ast-page-background-meta":{"desktop":{"background-color":"var(--ast-global-color-4)","background-image":"","background-repeat":"repeat","background-position":"center center","background-size":"auto","background-attachment":"scroll","background-type":"","background-media":"","overlay-type":"","overlay-color":"","overlay-gradient":""},"tablet":{"background-color":"","background-image":"","background-repeat":"repeat","background-position":"center center","background-size":"auto","background-attachment":"scroll","background-type":"","background-media":"","overlay-type":"","overlay-color":"","overlay-gradient":""},"mobile":{"background-color":"","background-image":"","background-repeat":"repeat","background-position":"center center","background-size":"auto","background-attachment":"scroll","background-type":"","background-media":"","overlay-type":"","overlay-color":"","overlay-gradient":""}},"ast-content-background-meta":{"desktop":{"background-color":"var(--ast-global-color-5)","background-image":"","background-repeat":"repeat","background-position":"center center","background-size":"auto","background-attachment":"scroll","background-type":"","background-media":"","overlay-type":"","overlay-color":"","overlay-gradient":""},"tablet":{"background-color":"var(--ast-global-color-5)","background-image":"","background-repeat":"repeat","background-position":"center center","background-size":"auto","background-attachment":"scroll","background-type":"","background-media":"","overlay-type":"","overlay-color":"","overlay-gradient":""},"mobile":{"background-color":"var(--ast-global-color-5)","background-image":"","background-repeat":"repeat","background-position":"center center","background-size":"auto","background-attachment":"scroll","background-type":"","background-media":"","overlay-type":"","overlay-color":"","overlay-gradient":""}},"footnotes":""},"wf_page_folders":[],"class_list":["post-3139","page","type-page","status-publish","hentry"],"rttpg_featured_image_url":null,"rttpg_author":{"display_name":"epumucaq","author_link":"https:\/\/sumaypamba.gob.ec\/index.php\/author\/epumucaq\/"},"rttpg_comment":0,"rttpg_category":false,"rttpg_excerpt":"ADMINISTRACI\u00d3N 2023-2027 La Instituci\u00f3n Introducci\u00f3n Sumaypamba, una de las parroquias m\u00e1s j\u00f3venes del cant\u00f3n Saraguro, en la provincia de Loja, [&hellip;]","_links":{"self":[{"href":"https:\/\/sumaypamba.gob.ec\/index.php\/wp-json\/wp\/v2\/pages\/3139","targetHints":{"allow":["GET"]}}],"collection":[{"href":"https:\/\/sumaypamba.gob.ec\/index.php\/wp-json\/wp\/v2\/pages"}],"about":[{"href":"https:\/\/sumaypamba.gob.ec\/index.php\/wp-json\/wp\/v2\/types\/page"}],"author":[{"embeddable":true,"href":"https:\/\/sumaypamba.gob.ec\/index.php\/wp-json\/wp\/v2\/users\/3"}],"replies":[{"embeddable":true,"href":"https:\/\/sumaypamba.gob.ec\/index.php\/wp-json\/wp\/v2\/comments?post=3139"}],"version-history":[{"count":23,"href":"https:\/\/sumaypamba.gob.ec\/index.php\/wp-json\/wp\/v2\/pages\/3139\/revisions"}],"predecessor-version":[{"id":4179,"href":"https:\/\/sumaypamba.gob.ec\/index.php\/wp-json\/wp\/v2\/pages\/3139\/revisions\/4179"}],"wp:attachment":[{"href":"https:\/\/sumaypamba.gob.ec\/index.php\/wp-json\/wp\/v2\/media?parent=3139"}],"wp:term":[{"taxonomy":"wf_page_folders","embeddable":true,"href":"https:\/\/sumaypamba.gob.ec\/index.php\/wp-json\/wp\/v2\/wf_page_folders?post=3139"}],"curies":[{"name":"wp","href":"https:\/\/api.w.org\/{rel}","templated":true}]}}