{"id":2687,"date":"2024-05-23T20:04:18","date_gmt":"2024-05-23T20:04:18","guid":{"rendered":"https:\/\/sumaypamba.gob.ec\/?page_id=2687"},"modified":"2025-07-14T17:29:59","modified_gmt":"2025-07-14T17:29:59","slug":"autoridades","status":"publish","type":"page","link":"https:\/\/sumaypamba.gob.ec\/index.php\/autoridades\/","title":{"rendered":"Autoridades"},"content":{"rendered":"\t\t<div data-elementor-type=\"wp-page\" data-elementor-id=\"2687\" class=\"elementor elementor-2687\" data-elementor-post-type=\"page\">\n\t\t\t\t<div class=\"elementor-element elementor-element-c4833a5 e-flex e-con-boxed e-con e-parent\" data-id=\"c4833a5\" data-element_type=\"container\" data-settings=\"{&quot;background_background&quot;:&quot;classic&quot;,&quot;shape_divider_bottom&quot;:&quot;triangle-asymmetrical&quot;,&quot;shape_divider_bottom_negative&quot;:&quot;yes&quot;}\">\n\t\t\t\t\t<div class=\"e-con-inner\">\n\t\t\t\t<div class=\"elementor-shape elementor-shape-bottom\" data-negative=\"true\">\n\t\t\t<svg xmlns=\"http:\/\/www.w3.org\/2000\/svg\" viewBox=\"0 0 1000 100\" preserveAspectRatio=\"none\">\n\t<path class=\"elementor-shape-fill\" d=\"M737.9,94.7L0,0v100h1000V0L737.9,94.7z\"\/>\n<\/svg>\t\t<\/div>\n\t\t\t\t<div class=\"elementor-element elementor-element-2f8c45a elementor-widget elementor-widget-heading\" data-id=\"2f8c45a\" data-element_type=\"widget\" data-widget_type=\"heading.default\">\n\t\t\t\t<div class=\"elementor-widget-container\">\n\t\t\t<h2 class=\"elementor-heading-title elementor-size-default\">ADMINISTRACI\u00d3N 2023 - 2027<\/h2>\t\t<\/div>\n\t\t\t\t<\/div>\n\t\t\t\t<div class=\"elementor-element elementor-element-1dd399e elementor-widget elementor-widget-heading\" data-id=\"1dd399e\" data-element_type=\"widget\" data-widget_type=\"heading.default\">\n\t\t\t\t<div class=\"elementor-widget-container\">\n\t\t\t<h2 class=\"elementor-heading-title elementor-size-default\"><h1 style=\"margin-bottom: 0px; padding-bottom: 10px; font-size: 68px; text-size-adjust: 100%; background-image: initial; background-position: initial; background-size: initial; background-repeat: initial; background-attachment: initial; background-origin: initial; background-clip: initial; line-height: 1.1em; font-weight: 500; font-family: &quot;Cormorant Garamond&quot;, Georgia, &quot;Times New Roman&quot;, serif; font-style: normal; white-space-collapse: collapse; color: rgb(255, 255, 255) !important;\"><span style=\"margin: 0px; padding: 0px; border: 0px; outline: 0px; text-size-adjust: 100%; vertical-align: baseline; background: transparent; font-family: Chivo;\">Autoridades<\/span><\/h1><\/h2>\t\t<\/div>\n\t\t\t\t<\/div>\n\t\t\t\t\t<\/div>\n\t\t\t\t<\/div>\n\t\t<div class=\"elementor-element elementor-element-7c067b2 e-flex e-con-boxed e-con e-parent\" data-id=\"7c067b2\" data-element_type=\"container\">\n\t\t\t\t\t<div class=\"e-con-inner\">\n\t\t<div class=\"elementor-element elementor-element-6497503 e-con-full e-flex e-con e-child\" data-id=\"6497503\" data-element_type=\"container\">\n\t\t\t\t<div class=\"elementor-element elementor-element-7042c65 elementor-widget elementor-widget-image\" data-id=\"7042c65\" data-element_type=\"widget\" data-widget_type=\"image.default\">\n\t\t\t\t<div class=\"elementor-widget-container\">\n\t\t\t\t\t\t\t\t\t\t\t\t\t<img fetchpriority=\"high\" decoding=\"async\" width=\"261\" height=\"326\" src=\"https:\/\/sumaypamba.gob.ec\/wp-content\/uploads\/2025\/07\/presidente.jpg\" class=\"attachment-large size-large wp-image-4189\" alt=\"\" srcset=\"https:\/\/sumaypamba.gob.ec\/wp-content\/uploads\/2025\/07\/presidente.jpg 261w, https:\/\/sumaypamba.gob.ec\/wp-content\/uploads\/2025\/07\/presidente-240x300.jpg 240w\" sizes=\"(max-width: 261px) 100vw, 261px\" \/>\t\t\t\t\t\t\t\t\t\t\t\t\t<\/div>\n\t\t\t\t<\/div>\n\t\t\t\t<\/div>\n\t\t<div class=\"elementor-element elementor-element-792bd79 e-con-full e-flex e-con e-child\" data-id=\"792bd79\" data-element_type=\"container\">\n\t\t\t\t<div class=\"elementor-element elementor-element-cd7a82d elementor-widget elementor-widget-heading\" data-id=\"cd7a82d\" data-element_type=\"widget\" data-widget_type=\"heading.default\">\n\t\t\t\t<div class=\"elementor-widget-container\">\n\t\t\t<h2 class=\"elementor-heading-title elementor-size-default\">Angel Edmundo Dota Macas<\/h2>\t\t<\/div>\n\t\t\t\t<\/div>\n\t\t\t\t<div class=\"elementor-element elementor-element-56cb855 elementor-widget elementor-widget-text-editor\" data-id=\"56cb855\" data-element_type=\"widget\" data-widget_type=\"text-editor.default\">\n\t\t\t\t<div class=\"elementor-widget-container\">\n\t\t\t\t\t\t\t<p>PRESIDENTE<\/p>\t\t\t\t\t\t<\/div>\n\t\t\t\t<\/div>\n\t\t\t\t<div class=\"elementor-element elementor-element-0c4065a elementor-widget elementor-widget-text-editor\" data-id=\"0c4065a\" data-element_type=\"widget\" data-widget_type=\"text-editor.default\">\n\t\t\t\t<div class=\"elementor-widget-container\">\n\t\t\t\t\t\t\t<p>ADMINISTRACI\u00d3N 2023- 2027<\/p>\t\t\t\t\t\t<\/div>\n\t\t\t\t<\/div>\n\t\t\t\t<\/div>\n\t\t\t\t\t<\/div>\n\t\t\t\t<\/div>\n\t\t<div class=\"elementor-element elementor-element-2c372de e-flex e-con-boxed e-con e-parent\" data-id=\"2c372de\" data-element_type=\"container\">\n\t\t\t\t\t<div class=\"e-con-inner\">\n\t\t<div class=\"elementor-element elementor-element-dfd6b77 e-con-full e-flex e-con e-child\" data-id=\"dfd6b77\" data-element_type=\"container\">\n\t\t\t\t<div class=\"elementor-element elementor-element-911dc5c elementor-widget elementor-widget-heading\" data-id=\"911dc5c\" data-element_type=\"widget\" data-widget_type=\"heading.default\">\n\t\t\t\t<div class=\"elementor-widget-container\">\n\t\t\t<h2 class=\"elementor-heading-title elementor-size-default\">VALORES<\/h2>\t\t<\/div>\n\t\t\t\t<\/div>\n\t\t\t\t<div class=\"elementor-element elementor-element-d80b8f6 elementor-widget elementor-widget-text-editor\" data-id=\"d80b8f6\" data-element_type=\"widget\" data-widget_type=\"text-editor.default\">\n\t\t\t\t<div class=\"elementor-widget-container\">\n\t\t\t\t\t\t\t<p><strong>Honestidad <\/strong><\/p><p>Creemos en nuestras capacidades para expresar con claridad y directamente lo que pensamos, con informaci\u00f3n clara y oportuna, a nuestros proveedores y clientes internos y externos, en el marco de un absoluto respeto a las leyes y reglas de la sociedad.<\/p><p><strong><em>Servicio <\/em><\/strong><\/p><p>Nuestras acciones est\u00e1n orientadas hacia la satisfacci\u00f3n de las necesidades de los dem\u00e1s, a fin de lograr el bien com\u00fan.<\/p><p>\u00a0<\/p><p><strong><em>Transparencia <\/em><\/strong><\/p><p>Las acciones y decisiones empresariales se adoptan en el marco de los principios \u00e9ticos y morales, de la convivencia organizacional y social, subordinados a los intereses de nuestros clientes.<\/p><p>\u00a0<\/p><p><strong>Compromiso<br \/><\/strong>Creemos y practicamos la lealtad con nuestro recurso humano, y nos comprometemos con ellos para lograr el compromiso de estos con los objetivos empresariales.<\/p>\t\t\t\t\t\t<\/div>\n\t\t\t\t<\/div>\n\t\t\t\t<div class=\"elementor-element elementor-element-3366fa1 elementor-widget elementor-widget-image\" data-id=\"3366fa1\" data-element_type=\"widget\" data-widget_type=\"image.default\">\n\t\t\t\t<div class=\"elementor-widget-container\">\n\t\t\t\t\t\t\t\t\t\t\t\t\t<img decoding=\"async\" width=\"1024\" height=\"777\" src=\"https:\/\/sumaypamba.gob.ec\/wp-content\/uploads\/2025\/07\/vocales-1024x777.jpg\" class=\"attachment-large size-large wp-image-4193\" alt=\"\" srcset=\"https:\/\/sumaypamba.gob.ec\/wp-content\/uploads\/2025\/07\/vocales-1024x777.jpg 1024w, https:\/\/sumaypamba.gob.ec\/wp-content\/uploads\/2025\/07\/vocales-300x228.jpg 300w, https:\/\/sumaypamba.gob.ec\/wp-content\/uploads\/2025\/07\/vocales-768x583.jpg 768w, https:\/\/sumaypamba.gob.ec\/wp-content\/uploads\/2025\/07\/vocales.jpg 1508w\" sizes=\"(max-width: 1024px) 100vw, 1024px\" \/>\t\t\t\t\t\t\t\t\t\t\t\t\t<\/div>\n\t\t\t\t<\/div>\n\t\t\t\t<\/div>\n\t\t\t\t\t<\/div>\n\t\t\t\t<\/div>\n\t\t\t\t<\/div>\n\t\t","protected":false},"excerpt":{"rendered":"<p>ADMINISTRACI\u00d3N 2023 &#8211; 2027 Autoridades Angel Edmundo Dota Macas PRESIDENTE ADMINISTRACI\u00d3N 2023- 2027 VALORES Honestidad Creemos en nuestras capacidades para [&hellip;]<\/p>\n","protected":false},"author":3,"featured_media":0,"parent":0,"menu_order":0,"comment_status":"closed","ping_status":"closed","template":"","meta":{"site-sidebar-layout":"no-sidebar","site-content-layout":"","ast-site-content-layout":"full-width-container","site-content-style":"default","site-sidebar-style":"default","ast-global-header-display":"","ast-banner-title-visibility":"","ast-main-header-display":"","ast-hfb-above-header-display":"","ast-hfb-below-header-display":"","ast-hfb-mobile-header-display":"","site-post-title":"disabled","ast-breadcrumbs-content":"","ast-featured-img":"disabled","footer-sml-layout":"","theme-transparent-header-meta":"","adv-header-id-meta":"","stick-header-meta":"","header-above-stick-meta":"","header-main-stick-meta":"","header-below-stick-meta":"","astra-migrate-meta-layouts":"default","ast-page-background-enabled":"default","ast-page-background-meta":{"desktop":{"background-color":"var(--ast-global-color-4)","background-image":"","background-repeat":"repeat","background-position":"center center","background-size":"auto","background-attachment":"scroll","background-type":"","background-media":"","overlay-type":"","overlay-color":"","overlay-gradient":""},"tablet":{"background-color":"","background-image":"","background-repeat":"repeat","background-position":"center center","background-size":"auto","background-attachment":"scroll","background-type":"","background-media":"","overlay-type":"","overlay-color":"","overlay-gradient":""},"mobile":{"background-color":"","background-image":"","background-repeat":"repeat","background-position":"center center","background-size":"auto","background-attachment":"scroll","background-type":"","background-media":"","overlay-type":"","overlay-color":"","overlay-gradient":""}},"ast-content-background-meta":{"desktop":{"background-color":"var(--ast-global-color-5)","background-image":"","background-repeat":"repeat","background-position":"center center","background-size":"auto","background-attachment":"scroll","background-type":"","background-media":"","overlay-type":"","overlay-color":"","overlay-gradient":""},"tablet":{"background-color":"var(--ast-global-color-5)","background-image":"","background-repeat":"repeat","background-position":"center center","background-size":"auto","background-attachment":"scroll","background-type":"","background-media":"","overlay-type":"","overlay-color":"","overlay-gradient":""},"mobile":{"background-color":"var(--ast-global-color-5)","background-image":"","background-repeat":"repeat","background-position":"center center","background-size":"auto","background-attachment":"scroll","background-type":"","background-media":"","overlay-type":"","overlay-color":"","overlay-gradient":""}},"footnotes":""},"wf_page_folders":[],"class_list":["post-2687","page","type-page","status-publish","hentry"],"rttpg_featured_image_url":null,"rttpg_author":{"display_name":"epumucaq","author_link":"https:\/\/sumaypamba.gob.ec\/index.php\/author\/epumucaq\/"},"rttpg_comment":0,"rttpg_category":false,"rttpg_excerpt":"ADMINISTRACI\u00d3N 2023 &#8211; 2027 Autoridades Angel Edmundo Dota Macas PRESIDENTE ADMINISTRACI\u00d3N 2023- 2027 VALORES Honestidad Creemos en nuestras capacidades para [&hellip;]","_links":{"self":[{"href":"https:\/\/sumaypamba.gob.ec\/index.php\/wp-json\/wp\/v2\/pages\/2687","targetHints":{"allow":["GET"]}}],"collection":[{"href":"https:\/\/sumaypamba.gob.ec\/index.php\/wp-json\/wp\/v2\/pages"}],"about":[{"href":"https:\/\/sumaypamba.gob.ec\/index.php\/wp-json\/wp\/v2\/types\/page"}],"author":[{"embeddable":true,"href":"https:\/\/sumaypamba.gob.ec\/index.php\/wp-json\/wp\/v2\/users\/3"}],"replies":[{"embeddable":true,"href":"https:\/\/sumaypamba.gob.ec\/index.php\/wp-json\/wp\/v2\/comments?post=2687"}],"version-history":[{"count":68,"href":"https:\/\/sumaypamba.gob.ec\/index.php\/wp-json\/wp\/v2\/pages\/2687\/revisions"}],"predecessor-version":[{"id":4213,"href":"https:\/\/sumaypamba.gob.ec\/index.php\/wp-json\/wp\/v2\/pages\/2687\/revisions\/4213"}],"wp:attachment":[{"href":"https:\/\/sumaypamba.gob.ec\/index.php\/wp-json\/wp\/v2\/media?parent=2687"}],"wp:term":[{"taxonomy":"wf_page_folders","embeddable":true,"href":"https:\/\/sumaypamba.gob.ec\/index.php\/wp-json\/wp\/v2\/wf_page_folders?post=2687"}],"curies":[{"name":"wp","href":"https:\/\/api.w.org\/{rel}","templated":true}]}}